{"id":313,"date":"2023-07-19T23:10:00","date_gmt":"2023-07-20T02:10:00","guid":{"rendered":"https:\/\/psicologakatiabatista.com.br\/?page_id=313"},"modified":"2023-08-03T18:07:43","modified_gmt":"2023-08-03T21:07:43","slug":"sobre-mim","status":"publish","type":"page","link":"https:\/\/psicologakatiabatista.com.br\/index.php\/sobre-mim\/","title":{"rendered":"Sobre Mim"},"content":{"rendered":"\t\t<div data-elementor-type=\"wp-page\" data-elementor-id=\"313\" class=\"elementor elementor-313\" data-elementor-post-type=\"page\">\n\t\t\t\t<div class=\"elementor-element elementor-element-7ca9afc e-grid e-con-boxed e-con e-parent\" data-id=\"7ca9afc\" data-element_type=\"container\">\n\t\t\t\t\t<div class=\"e-con-inner\">\n\t\t<div class=\"elementor-element elementor-element-032ece3 e-flex e-con-boxed e-con e-child\" data-id=\"032ece3\" data-element_type=\"container\">\n\t\t\t\t\t<div class=\"e-con-inner\">\n\t\t\t\t<div class=\"elementor-element elementor-element-18ac5f0 elementor-widget elementor-widget-heading\" data-id=\"18ac5f0\" data-element_type=\"widget\" data-widget_type=\"heading.default\">\n\t\t\t\t<div class=\"elementor-widget-container\">\n\t\t\t\t\t<h2 class=\"elementor-heading-title elementor-size-default\">Experi\u00eancia<\/h2>\t\t\t\t<\/div>\n\t\t\t\t<\/div>\n\t\t\t\t<div class=\"elementor-element elementor-element-4982afe elementor-widget elementor-widget-text-editor\" data-id=\"4982afe\" data-element_type=\"widget\" data-widget_type=\"text-editor.default\">\n\t\t\t\t<div class=\"elementor-widget-container\">\n\t\t\t\t\t\t\t\t\t<h4>Cursos\u00a0<\/h4><ul><li><span class=\"wsw-02 wnd-font-size-120\">Manejos e T\u00e9cnicas em Gestalt-terapia<\/span><\/li><li><span class=\"wsw-02 wnd-font-size-120\">Avalia\u00e7\u00e3o do Comportamento Suicida\u00a0<\/span><\/li><li><span class=\"wsw-02 wnd-font-size-120\">TRAUMAS EMOCIONAIS<\/span><\/li><li><span class=\"wsw-02 wnd-font-size-120\">Ciclo Do Contato: Recursos e Manejos Terap\u00eauticos\u00a0<\/span><\/li><li><span class=\"wsw-02 wnd-font-size-120\">Autoestima e Autossuporte<\/span><\/li><li><span class=\"wsw-02 wnd-font-size-120\">Como Utilizar T\u00e9cnica da Psicologia no Atendimento Online<\/span><\/li><li><span class=\"wsw-02 wnd-font-size-120\">Orienta\u00e7\u00f5es Gerais sobre Psicof\u00e1rmacos para Psic\u00f3logos<\/span><\/li><\/ul><ul><li><span class=\"wsw-04\">Estudos sobre sofrimentos emocionais agravados<\/span><\/li><li><span class=\"wsw-04\">Estudos sobre homens (masculinidades, sa\u00fade, viol\u00eancia);<\/span><\/li><\/ul><ul><li><span class=\"wsw-04\">Estudos e realiza\u00e7\u00e3o de pesquisa sobre a rela\u00e7\u00e3o de casais em casos de viol\u00eancia conjugal;<\/span><\/li><\/ul><ul><li><span class=\"wsw-04\">Media\u00e7\u00e3o de grupos com homens;<\/span><\/li><\/ul><ul><li><span class=\"wsw-04\">Coordena\u00e7\u00e3o de grupo para o manejo de ansiedade com jovens universit\u00e1rios;<\/span><\/li><\/ul><ul><li><span class=\"wsw-04\">Atendimentos de triagem e acolhimento \u00e0 jovens universit\u00e1rios em sofrimento ps\u00edquico;<\/span><\/li><\/ul><ul><li><span class=\"wsw-04\">Atendimento Psicoterap\u00eautico.\u00a0<\/span><\/li><\/ul>\t\t\t\t\t\t\t\t<\/div>\n\t\t\t\t<\/div>\n\t\t\t\t\t<\/div>\n\t\t\t\t<\/div>\n\t\t<div class=\"elementor-element elementor-element-6f3e462 e-flex e-con-boxed e-con e-child\" data-id=\"6f3e462\" data-element_type=\"container\">\n\t\t\t\t\t<div class=\"e-con-inner\">\n\t\t\t\t<div class=\"elementor-element elementor-element-2bbe87a elementor-widget elementor-widget-heading\" data-id=\"2bbe87a\" data-element_type=\"widget\" data-widget_type=\"heading.default\">\n\t\t\t\t<div class=\"elementor-widget-container\">\n\t\t\t\t\t<h2 class=\"elementor-heading-title elementor-size-default\">Abordagem<\/h2>\t\t\t\t<\/div>\n\t\t\t\t<\/div>\n\t\t\t\t<div class=\"elementor-element elementor-element-63dc5c4 elementor-widget elementor-widget-text-editor\" data-id=\"63dc5c4\" data-element_type=\"widget\" data-widget_type=\"text-editor.default\">\n\t\t\t\t<div class=\"elementor-widget-container\">\n\t\t\t\t\t\t\t\t\t<p class=\"wnd-align-center\"><span class=\"wnd-font-size-110\">A Gestalt terapia \u00e9 a abordagem que trabalho e consiste em uma psicoterapia com foco no aqui agora. \u00c9 importante como o cliente percebe as situa\u00e7\u00f5es que acontecem no presente, mas inclu\u00ed tamb\u00e9m a percep\u00e7\u00e3o de&nbsp;conte\u00fados&nbsp;do passado trazidos em suas queixas atuais. Chamamos essas queixas de situa\u00e7\u00f5es inacabadas que geram desconforto ainda no presente. A Gestalt terapia, possibilita \u00e0 pessoa que est\u00e1 em sofrimento, conhecer-se na sua totalidade enquanto &#8220;ser em si e ser no mundo&#8221;. Esse conhecimento lhe permitir\u00e1 encontrar recursos pr\u00f3prios para criar com espontaneidade novas formas<\/span>&nbsp;<span class=\"wnd-font-size-110\">diante das situa\u00e7\u00f5es que se apresentam na vida. Assim, com maior fluidez e menos cristaliza\u00e7\u00e3o, \u00e9 poss\u00edvel agir com autonomia e fazer escolhas mais aut\u00eanticas a partir das suas pr\u00f3prias necessidades.<\/span><\/p>\n<div class=\"b b-text cf\">\n<div class=\"b-c b-text-c b-s b-s-t60 b-s-b60 b-cs cf\">\n<blockquote>\n<p>&#8220;Digo: o real n\u00e3o est\u00e1 na sa\u00edda nem na chegada: ele se disp\u00f5e para a gente \u00e9 no meio da travessia&#8221;<br>(Guimar\u00e3es Rosa)&nbsp;<\/p>\n\n<\/blockquote>\n<\/div>\n<\/div>\t\t\t\t\t\t\t\t<\/div>\n\t\t\t\t<\/div>\n\t\t\t\t\t<\/div>\n\t\t\t\t<\/div>\n\t\t\t\t\t<\/div>\n\t\t\t\t<\/div>\n\t\t<div class=\"elementor-element elementor-element-a9cc248 e-flex e-con-boxed e-con e-parent\" data-id=\"a9cc248\" data-element_type=\"container\">\n\t\t\t\t\t<div class=\"e-con-inner\">\n\t\t\t\t<div class=\"elementor-element elementor-element-e0d549d elementor-align-center elementor-widget elementor-widget-button\" data-id=\"e0d549d\" data-element_type=\"widget\" data-widget_type=\"button.default\">\n\t\t\t\t<div class=\"elementor-widget-container\">\n\t\t\t\t\t\t\t\t\t<div class=\"elementor-button-wrapper\">\n\t\t\t\t\t<a class=\"elementor-button elementor-button-link elementor-size-sm elementor-animation-grow\" href=\"https:\/\/wa.me\/554799278015?text=Ol%C3%A1\">\n\t\t\t\t\t\t<span class=\"elementor-button-content-wrapper\">\n\t\t\t\t\t\t\t\t\t<span class=\"elementor-button-text\">Contato<\/span>\n\t\t\t\t\t<\/span>\n\t\t\t\t\t<\/a>\n\t\t\t\t<\/div>\n\t\t\t\t\t\t\t\t<\/div>\n\t\t\t\t<\/div>\n\t\t\t\t\t<\/div>\n\t\t\t\t<\/div>\n\t\t\t\t<\/div>\n\t\t","protected":false},"excerpt":{"rendered":"<p>Experi\u00eancia Cursos&nbsp; Manejos e T\u00e9cnicas em Gestalt-terapia Avalia\u00e7\u00e3o do Comportamento Suicida&nbsp; TRAUMAS EMOCIONAIS Ciclo Do Contato: Recursos e Manejos Terap\u00eauticos&nbsp; Autoestima e Autossuporte Como Utilizar T\u00e9cnica da Psicologia no Atendimento Online Orienta\u00e7\u00f5es Gerais sobre Psicof\u00e1rmacos para Psic\u00f3logos Estudos sobre sofrimentos emocionais agravados Estudos sobre homens (masculinidades, sa\u00fade, viol\u00eancia); Estudos e realiza\u00e7\u00e3o de pesquisa sobre a [&hellip;]<\/p>\n","protected":false},"author":1,"featured_media":0,"parent":0,"menu_order":0,"comment_status":"closed","ping_status":"closed","template":"elementor_header_footer","meta":{"footnotes":""},"class_list":["post-313","page","type-page","status-publish","hentry"],"yoast_head":"<!-- This site is optimized with the Yoast SEO plugin v20.12 - https:\/\/yoast.com\/wordpress\/plugins\/seo\/ -->\n<title>Sobre Mim - Reala\u00e7\u00e3o Terap\u00eautica<\/title>\n<meta name=\"description\" content=\"Meu trabalho tem como foco a rela\u00e7\u00e3o terap\u00eautica! Psicoterapia individual nas modalidades online e presencial.\" \/>\n<meta name=\"robots\" content=\"index, follow, max-snippet:-1, max-image-preview:large, max-video-preview:-1\" \/>\n<link rel=\"canonical\" href=\"https:\/\/psicologakatiabatista.com.br\/index.php\/sobre-mim\/\" \/>\n<meta property=\"og:locale\" content=\"pt_BR\" \/>\n<meta property=\"og:type\" content=\"article\" \/>\n<meta property=\"og:title\" content=\"Sobre Mim - Reala\u00e7\u00e3o Terap\u00eautica\" \/>\n<meta property=\"og:description\" content=\"Meu trabalho tem como foco a rela\u00e7\u00e3o terap\u00eautica! Psicoterapia individual nas modalidades online e presencial.\" \/>\n<meta property=\"og:url\" content=\"https:\/\/psicologakatiabatista.com.br\/index.php\/sobre-mim\/\" \/>\n<meta property=\"og:site_name\" content=\"K\u00e1tia Batista Psic\u00f3loga\" \/>\n<meta property=\"article:modified_time\" content=\"2023-08-03T21:07:43+00:00\" \/>\n<meta name=\"twitter:card\" content=\"summary_large_image\" \/>\n<meta name=\"twitter:label1\" content=\"Est. tempo de leitura\" \/>\n\t<meta name=\"twitter:data1\" content=\"2 minutos\" \/>\n<script type=\"application\/ld+json\" class=\"yoast-schema-graph\">{\"@context\":\"https:\/\/schema.org\",\"@graph\":[{\"@type\":\"WebPage\",\"@id\":\"https:\/\/psicologakatiabatista.com.br\/index.php\/sobre-mim\/\",\"url\":\"https:\/\/psicologakatiabatista.com.br\/index.php\/sobre-mim\/\",\"name\":\"Sobre Mim - Reala\u00e7\u00e3o Terap\u00eautica\",\"isPartOf\":{\"@id\":\"https:\/\/psicologakatiabatista.com.br\/#website\"},\"datePublished\":\"2023-07-20T02:10:00+00:00\",\"dateModified\":\"2023-08-03T21:07:43+00:00\",\"description\":\"Meu trabalho tem como foco a rela\u00e7\u00e3o terap\u00eautica! Psicoterapia individual nas modalidades online e presencial.\",\"breadcrumb\":{\"@id\":\"https:\/\/psicologakatiabatista.com.br\/index.php\/sobre-mim\/#breadcrumb\"},\"inLanguage\":\"pt-BR\",\"potentialAction\":[{\"@type\":\"ReadAction\",\"target\":[\"https:\/\/psicologakatiabatista.com.br\/index.php\/sobre-mim\/\"]}]},{\"@type\":\"BreadcrumbList\",\"@id\":\"https:\/\/psicologakatiabatista.com.br\/index.php\/sobre-mim\/#breadcrumb\",\"itemListElement\":[{\"@type\":\"ListItem\",\"position\":1,\"name\":\"In\u00edcio\",\"item\":\"https:\/\/psicologakatiabatista.com.br\/\"},{\"@type\":\"ListItem\",\"position\":2,\"name\":\"Sobre Mim\"}]},{\"@type\":\"WebSite\",\"@id\":\"https:\/\/psicologakatiabatista.com.br\/#website\",\"url\":\"https:\/\/psicologakatiabatista.com.br\/\",\"name\":\"K\u00e1tia Batista Psic\u00f3loga\",\"description\":\"Contato e informa\u00e7\u00f5es sobre a Psic\u00f3loga K\u00e1tia Batista\",\"publisher\":{\"@id\":\"https:\/\/psicologakatiabatista.com.br\/#\/schema\/person\/54515cf8e95a9b1214bc07f975dd2461\"},\"potentialAction\":[{\"@type\":\"SearchAction\",\"target\":{\"@type\":\"EntryPoint\",\"urlTemplate\":\"https:\/\/psicologakatiabatista.com.br\/?s={search_term_string}\"},\"query-input\":\"required name=search_term_string\"}],\"inLanguage\":\"pt-BR\"},{\"@type\":[\"Person\",\"Organization\"],\"@id\":\"https:\/\/psicologakatiabatista.com.br\/#\/schema\/person\/54515cf8e95a9b1214bc07f975dd2461\",\"name\":\"lucas1112b\",\"image\":{\"@type\":\"ImageObject\",\"inLanguage\":\"pt-BR\",\"@id\":\"https:\/\/psicologakatiabatista.com.br\/#\/schema\/person\/image\/\",\"url\":\"https:\/\/psicologakatiabatista.com.br\/wp-content\/uploads\/2023\/07\/Vector-1.png\",\"contentUrl\":\"https:\/\/psicologakatiabatista.com.br\/wp-content\/uploads\/2023\/07\/Vector-1.png\",\"width\":95,\"height\":56,\"caption\":\"lucas1112b\"},\"logo\":{\"@id\":\"https:\/\/psicologakatiabatista.com.br\/#\/schema\/person\/image\/\"},\"sameAs\":[\"https:\/\/psicologakatiabatista.com.br\"]}]}<\/script>\n<!-- \/ Yoast SEO plugin. -->","yoast_head_json":{"title":"Sobre Mim - Reala\u00e7\u00e3o Terap\u00eautica","description":"Meu trabalho tem como foco a rela\u00e7\u00e3o terap\u00eautica! Psicoterapia individual nas modalidades online e presencial.","robots":{"index":"index","follow":"follow","max-snippet":"max-snippet:-1","max-image-preview":"max-image-preview:large","max-video-preview":"max-video-preview:-1"},"canonical":"https:\/\/psicologakatiabatista.com.br\/index.php\/sobre-mim\/","og_locale":"pt_BR","og_type":"article","og_title":"Sobre Mim - Reala\u00e7\u00e3o Terap\u00eautica","og_description":"Meu trabalho tem como foco a rela\u00e7\u00e3o terap\u00eautica! Psicoterapia individual nas modalidades online e presencial.","og_url":"https:\/\/psicologakatiabatista.com.br\/index.php\/sobre-mim\/","og_site_name":"K\u00e1tia Batista Psic\u00f3loga","article_modified_time":"2023-08-03T21:07:43+00:00","twitter_card":"summary_large_image","twitter_misc":{"Est. tempo de leitura":"2 minutos"},"schema":{"@context":"https:\/\/schema.org","@graph":[{"@type":"WebPage","@id":"https:\/\/psicologakatiabatista.com.br\/index.php\/sobre-mim\/","url":"https:\/\/psicologakatiabatista.com.br\/index.php\/sobre-mim\/","name":"Sobre Mim - Reala\u00e7\u00e3o Terap\u00eautica","isPartOf":{"@id":"https:\/\/psicologakatiabatista.com.br\/#website"},"datePublished":"2023-07-20T02:10:00+00:00","dateModified":"2023-08-03T21:07:43+00:00","description":"Meu trabalho tem como foco a rela\u00e7\u00e3o terap\u00eautica! Psicoterapia individual nas modalidades online e presencial.","breadcrumb":{"@id":"https:\/\/psicologakatiabatista.com.br\/index.php\/sobre-mim\/#breadcrumb"},"inLanguage":"pt-BR","potentialAction":[{"@type":"ReadAction","target":["https:\/\/psicologakatiabatista.com.br\/index.php\/sobre-mim\/"]}]},{"@type":"BreadcrumbList","@id":"https:\/\/psicologakatiabatista.com.br\/index.php\/sobre-mim\/#breadcrumb","itemListElement":[{"@type":"ListItem","position":1,"name":"In\u00edcio","item":"https:\/\/psicologakatiabatista.com.br\/"},{"@type":"ListItem","position":2,"name":"Sobre Mim"}]},{"@type":"WebSite","@id":"https:\/\/psicologakatiabatista.com.br\/#website","url":"https:\/\/psicologakatiabatista.com.br\/","name":"K\u00e1tia Batista Psic\u00f3loga","description":"Contato e informa\u00e7\u00f5es sobre a Psic\u00f3loga K\u00e1tia Batista","publisher":{"@id":"https:\/\/psicologakatiabatista.com.br\/#\/schema\/person\/54515cf8e95a9b1214bc07f975dd2461"},"potentialAction":[{"@type":"SearchAction","target":{"@type":"EntryPoint","urlTemplate":"https:\/\/psicologakatiabatista.com.br\/?s={search_term_string}"},"query-input":"required name=search_term_string"}],"inLanguage":"pt-BR"},{"@type":["Person","Organization"],"@id":"https:\/\/psicologakatiabatista.com.br\/#\/schema\/person\/54515cf8e95a9b1214bc07f975dd2461","name":"lucas1112b","image":{"@type":"ImageObject","inLanguage":"pt-BR","@id":"https:\/\/psicologakatiabatista.com.br\/#\/schema\/person\/image\/","url":"https:\/\/psicologakatiabatista.com.br\/wp-content\/uploads\/2023\/07\/Vector-1.png","contentUrl":"https:\/\/psicologakatiabatista.com.br\/wp-content\/uploads\/2023\/07\/Vector-1.png","width":95,"height":56,"caption":"lucas1112b"},"logo":{"@id":"https:\/\/psicologakatiabatista.com.br\/#\/schema\/person\/image\/"},"sameAs":["https:\/\/psicologakatiabatista.com.br"]}]}},"_links":{"self":[{"href":"https:\/\/psicologakatiabatista.com.br\/index.php\/wp-json\/wp\/v2\/pages\/313","targetHints":{"allow":["GET"]}}],"collection":[{"href":"https:\/\/psicologakatiabatista.com.br\/index.php\/wp-json\/wp\/v2\/pages"}],"about":[{"href":"https:\/\/psicologakatiabatista.com.br\/index.php\/wp-json\/wp\/v2\/types\/page"}],"author":[{"embeddable":true,"href":"https:\/\/psicologakatiabatista.com.br\/index.php\/wp-json\/wp\/v2\/users\/1"}],"replies":[{"embeddable":true,"href":"https:\/\/psicologakatiabatista.com.br\/index.php\/wp-json\/wp\/v2\/comments?post=313"}],"version-history":[{"count":10,"href":"https:\/\/psicologakatiabatista.com.br\/index.php\/wp-json\/wp\/v2\/pages\/313\/revisions"}],"predecessor-version":[{"id":814,"href":"https:\/\/psicologakatiabatista.com.br\/index.php\/wp-json\/wp\/v2\/pages\/313\/revisions\/814"}],"wp:attachment":[{"href":"https:\/\/psicologakatiabatista.com.br\/index.php\/wp-json\/wp\/v2\/media?parent=313"}],"curies":[{"name":"wp","href":"https:\/\/api.w.org\/{rel}","templated":true}]}}